{"id":1619,"date":"2024-11-13T11:03:27","date_gmt":"2024-11-13T10:03:27","guid":{"rendered":"https:\/\/directionrh.fr\/?page_id=1619"},"modified":"2024-11-20T12:28:29","modified_gmt":"2024-11-20T11:28:29","slug":"politique-des-cookies","status":"publish","type":"page","link":"https:\/\/directionrh.fr\/en\/politique-des-cookies\/","title":{"rendered":"Cookie policy"},"content":{"rendered":"\n[et_pb_section fb_built=\u00a0\u00bb1&Prime; custom_padding_last_edited=\u00a0\u00bbon|phone\u00a0\u00bb _builder_version=\u00a0\u00bb4.27.2&Prime; _module_preset=\u00a0\u00bbdefault\u00a0\u00bb background_color=\u00a0\u00bb#FFF3E8&Prime; custom_margin=\u00a0\u00bb||||true|false\u00a0\u00bb custom_padding=\u00a0\u00bb50px||50px||true|false\u00a0\u00bb custom_padding_tablet=\u00a0\u00bb20px||20px||true|false\u00a0\u00bb custom_padding_phone=\u00a0\u00bb20px||20px||true|false\u00a0\u00bb bottom_divider_flip=\u00a0\u00bbvertical\u00a0\u00bb locked=\u00a0\u00bboff\u00a0\u00bb global_colors_info=\u00a0\u00bb{}\u00a0\u00bb][et_pb_row use_custom_gutter=\u00a0\u00bbon\u00a0\u00bb make_equal=\u00a0\u00bbon\u00a0\u00bb admin_label=\u00a0\u00bbLigne\u00a0\u00bb _builder_version=\u00a0\u00bb4.27.3&Prime; _module_preset=\u00a0\u00bbdefault\u00a0\u00bb width=\u00a0\u00bb100%\u00a0\u00bb global_colors_info=\u00a0\u00bb{}\u00a0\u00bb][et_pb_column type=\u00a0\u00bb4_4&Prime; _builder_version=\u00a0\u00bb4.26.1&Prime; _module_preset=\u00a0\u00bbdefault\u00a0\u00bb custom_css_main_element=\u00a0\u00bbdisplay: flex;||flex-direction: column;||justify-content: center;\u00a0\u00bb global_colors_info=\u00a0\u00bb{}\u00a0\u00bb][et_pb_heading title=\u00a0\u00bbPolitique des cookies\u00a0\u00bb _builder_version=\u00a0\u00bb4.27.3&Prime; _module_preset=\u00a0\u00bbdefault\u00a0\u00bb title_text_align=\u00a0\u00bbcenter\u00a0\u00bb custom_margin=\u00a0\u00bb|25px|0px||false|false\u00a0\u00bb custom_margin_tablet=\u00a0\u00bb|0px|||false|false\u00a0\u00bb custom_margin_phone=\u00a0\u00bb|0px|||false|false\u00a0\u00bb custom_margin_last_edited=\u00a0\u00bbon|phone\u00a0\u00bb custom_padding=\u00a0\u00bb0px||25px||false|false\u00a0\u00bb hover_enabled=\u00a0\u00bb0&Prime; title_text_align_tablet=\u00a0\u00bbcenter\u00a0\u00bb title_text_align_phone=\u00a0\u00bbcenter\u00a0\u00bb title_text_align_last_edited=\u00a0\u00bbon|desktop\u00a0\u00bb locked=\u00a0\u00bboff\u00a0\u00bb global_colors_info=\u00a0\u00bb{}\u00a0\u00bb sticky_enabled=\u00a0\u00bb0&Prime;][\/et_pb_heading][et_pb_text content_tablet=\u00a0\u00bb<p>Nous intervenons depuis plus de 10 ans aupr\u00e8s<br \/>des dirigeants de PME et d&rsquo;associations,<br \/>et de DRH de grands groupes.<\/p>\u00a0\u00bb content_phone=\u00a0\u00bbNous intervenons depuis plus de 10 ans aupr\u00e8s des dirigeants de PME et d&rsquo;associations, et de DRH de \ngrands groupes.\u00a0\u00bb content_last_edited=\u00a0\u00bbon|tablet\u00a0\u00bb _builder_version=\u00a0\u00bb4.27.3&Prime; _module_preset=\u00a0\u00bbdefault\u00a0\u00bb text_font=\u00a0\u00bbPoppins|300|||||||\u00a0\u00bb text_font_size=\u00a0\u00bb22px\u00a0\u00bb text_line_height=\u00a0\u00bb1.3em\u00a0\u00bb text_orientation=\u00a0\u00bbcenter\u00a0\u00bb custom_padding_tablet=\u00a0\u00bb\u00a0\u00bb custom_padding_phone=\u00a0\u00bb|25px||25px|false|true\u00a0\u00bb custom_padding_last_edited=\u00a0\u00bbon|phone\u00a0\u00bb text_font_size_tablet=\u00a0\u00bb20px\u00a0\u00bb text_font_size_phone=\u00a0\u00bb18px\u00a0\u00bb text_font_size_last_edited=\u00a0\u00bbon|phone\u00a0\u00bb text_orientation_tablet=\u00a0\u00bbcenter\u00a0\u00bb text_orientation_phone=\u00a0\u00bbcenter\u00a0\u00bb text_orientation_last_edited=\u00a0\u00bbon|tablet\u00a0\u00bb global_colors_info=\u00a0\u00bb{}\u00a0\u00bb]<p>Une question ? Un besoin ?<\/p>[\/et_pb_text][et_pb_button button_url=\u00a0\u00bb@ET-DC@eyJkeW5hbWljIjp0cnVlLCJjb250ZW50IjoicG9zdF9saW5rX3VybF9wYWdlIiwic2V0dGluZ3MiOnsicG9zdF9pZCI6IjMzIn19@\u00a0\u00bb button_text=\u00a0\u00bbContactez-nous !\u00a0\u00bb button_alignment=\u00a0\u00bbcenter\u00a0\u00bb button_alignment_tablet=\u00a0\u00bbcenter\u00a0\u00bb button_alignment_phone=\u00a0\u00bbcenter\u00a0\u00bb button_alignment_last_edited=\u00a0\u00bbon|phone\u00a0\u00bb admin_label=\u00a0\u00bbBouton\u00a0\u00bb _builder_version=\u00a0\u00bb4.27.3&Prime; _dynamic_attributes=\u00a0\u00bbbutton_url\u00a0\u00bb _module_preset=\u00a0\u00bbdefault\u00a0\u00bb custom_button=\u00a0\u00bbon\u00a0\u00bb button_text_color=\u00a0\u00bb#313135&Prime; button_bg_color=\u00a0\u00bb#EABF18&Prime; button_border_width=\u00a0\u00bb0px\u00a0\u00bb button_border_radius=\u00a0\u00bb30px\u00a0\u00bb button_font=\u00a0\u00bbLexend|700|||||||\u00a0\u00bb button_icon=\u00a0\u00bb&#xf105;||fa||900&Prime; button_icon_color=\u00a0\u00bb#313135&Prime; button_text_size_tablet=\u00a0\u00bb18px\u00a0\u00bb button_text_size_phone=\u00a0\u00bb16px\u00a0\u00bb button_text_size_last_edited=\u00a0\u00bbon|tablet\u00a0\u00bb locked=\u00a0\u00bboff\u00a0\u00bb global_colors_info=\u00a0\u00bb{}\u00a0\u00bb transform_styles__hover_enabled=\u00a0\u00bbon|hover\u00a0\u00bb transform_scale__hover_enabled=\u00a0\u00bbon|hover\u00a0\u00bb transform_translate__hover_enabled=\u00a0\u00bbon|desktop\u00a0\u00bb transform_rotate__hover_enabled=\u00a0\u00bbon|desktop\u00a0\u00bb transform_skew__hover_enabled=\u00a0\u00bbon|desktop\u00a0\u00bb transform_origin__hover_enabled=\u00a0\u00bbon|desktop\u00a0\u00bb][\/et_pb_button][\/et_pb_column][\/et_pb_row][\/et_pb_section][et_pb_section fb_built=\u00a0\u00bb1&Prime; _builder_version=\u00a0\u00bb4.27.3&Prime; _module_preset=\u00a0\u00bbdefault\u00a0\u00bb global_colors_info=\u00a0\u00bb{}\u00a0\u00bb][et_pb_row _builder_version=\u00a0\u00bb4.27.3&Prime; _module_preset=\u00a0\u00bbdefault\u00a0\u00bb locked=\u00a0\u00bboff\u00a0\u00bb global_colors_info=\u00a0\u00bb{}\u00a0\u00bb][et_pb_column type=\u00a0\u00bb4_4&Prime; _builder_version=\u00a0\u00bb4.27.3&Prime; _module_preset=\u00a0\u00bbdefault\u00a0\u00bb global_colors_info=\u00a0\u00bb{}\u00a0\u00bb][et_pb_heading title=\u00a0\u00bbQu&rsquo;est-ce qu&rsquo;un cookie ?\u00a0\u00bb _builder_version=\u00a0\u00bb4.27.2&Prime; _module_preset=\u00a0\u00bbdefault\u00a0\u00bb title_level=\u00a0\u00bbh2&Prime; title_text_align=\u00a0\u00bbleft\u00a0\u00bb title_font_size=\u00a0\u00bb30px\u00a0\u00bb title_line_height=\u00a0\u00bb1.5em\u00a0\u00bb custom_margin=\u00a0\u00bb0px||0px||true|false\u00a0\u00bb custom_padding=\u00a0\u00bb|||20px|false|false\u00a0\u00bb title_font_size_tablet=\u00a0\u00bb24px\u00a0\u00bb title_font_size_phone=\u00a0\u00bb22px\u00a0\u00bb title_line_height_phone=\u00a0\u00bb1.2em\u00a0\u00bb border_width_left=\u00a0\u00bb5px\u00a0\u00bb border_color_left=\u00a0\u00bb#EABF18&Prime; locked=\u00a0\u00bboff\u00a0\u00bb global_colors_info=\u00a0\u00bb{}\u00a0\u00bb][\/et_pb_heading][et_pb_divider show_divider=\u00a0\u00bboff\u00a0\u00bb _builder_version=\u00a0\u00bb4.27.3&Prime; _module_preset=\u00a0\u00bbdefault\u00a0\u00bb global_colors_info=\u00a0\u00bb{}\u00a0\u00bb][\/et_pb_divider][et_pb_text _builder_version=\u00a0\u00bb4.27.3&Prime; _module_preset=\u00a0\u00bbdefault\u00a0\u00bb text_font=\u00a0\u00bbLexend|300|||||||\u00a0\u00bb text_font_size=\u00a0\u00bb18px\u00a0\u00bb text_line_height=\u00a0\u00bb1.5em\u00a0\u00bb text_orientation=\u00a0\u00bbjustified\u00a0\u00bb text_font_size_tablet=\u00a0\u00bb18px\u00a0\u00bb text_font_size_phone=\u00a0\u00bb16px\u00a0\u00bb text_font_size_last_edited=\u00a0\u00bbon|phone\u00a0\u00bb text_line_height_tablet=\u00a0\u00bb1.5em\u00a0\u00bb text_line_height_phone=\u00a0\u00bb1.3em\u00a0\u00bb text_line_height_last_edited=\u00a0\u00bbon|tablet\u00a0\u00bb text_orientation_tablet=\u00a0\u00bbleft\u00a0\u00bb text_orientation_phone=\u00a0\u00bbleft\u00a0\u00bb text_orientation_last_edited=\u00a0\u00bbon|tablet\u00a0\u00bb global_colors_info=\u00a0\u00bb{}\u00a0\u00bb]<p><span style=\"color: #313135;\">Un cookie est un fichier d\u00e9pos\u00e9 sur votre terminal (ordinateur, tablette par ex.) par Direction RH lors de votre utilisation du site internet et en fonction de votre navigateur. Ce fichier permettra pendant sa dur\u00e9e d\u2019enregistrement d\u2019identifier votre ordinateur lors de vos prochaines visites sur le site, nous permettant de conserver vos donn\u00e9es de visites et de navigation.<\/span><\/p>\n<p><span style=\"color: #313135;\">Direction RH est susceptible d\u2019utiliser divers syst\u00e8mes de collecte de donn\u00e9es personnelles notamment par voie de cookies sur notre site internet pour lesquels votre consentement est sollicit\u00e9 ; sont potentiellement concern\u00e9s les cookies suivants :<\/span><\/p>\n<ul>\n<li><span style=\"color: #313135;\">Cookies n\u00e9cessaires \u2014 \u00e0 l\u2019utilisation optimis\u00e9e du site (par exemples : identification, panier,<\/span><\/li>\n<li><span style=\"color: #313135;\">Cookies de performances \u2014 (permettant d\u2019\u00e9tablir des statistiques anonymes et niveau de trafic sur le site) et de suivi et de personnalisation collectant des informations sur votre utilisation du site et permettant une individualisation de nos offres,<\/span><\/li>\n<li><span style=\"color: #313135;\">Cookies de tiers \u2014 pour cibler les publicit\u00e9s susceptibles de vous int\u00e9resser en fonction de vos centres d\u2019int\u00e9r\u00eats d\u00e9cel\u00e9s (ces cookies rel\u00e8vent pour leur \u00e9mission et leur traitement de la politique appliqu\u00e9e par les tiers et non de la politique de Direction RH),<\/span><\/li>\n<li><span style=\"color: #313135;\">Cookies analytiques \u2014 nous permettant de comprendre et d\u2019analyser votre navigation sur notre site.<\/span><\/li>\n<\/ul>\n<p><span style=\"color: #313135;\">Direction RH est \u00e9galement susceptible d&rsquo;\u00e9mettre des cookies de tiers permettant le partage des contenus de notre site avec des tiers ou des outils d\u2019expression de votre appr\u00e9ciation (ex : \u00ab\u00a0J&rsquo;aime\u00a0\u00bb, issus de r\u00e9seaux sociaux) ; vous \u00eates alors potentiellement identi\ufb01\u00e9s par le r\u00e9seau social qui pourra suivre votre navigation. Il vous appartient de vous informer de sa politique de con\ufb01dentialit\u00e9 et de gestion des cookies, notre soci\u00e9t\u00e9 \u00e9tant \u00e9trang\u00e8re \u00e0 ces outils.<\/span><\/p>\n<p><span style=\"color: #313135;\">Les cookies sont soumis \u00e0 votre acceptation sur notre site internet lors de votre premi\u00e8re visite. La dur\u00e9e de validit\u00e9 du consentement au d\u00e9p\u00f4t des cookies et traceurs est de 13 mois maximum, \u00e0 compter de leur premier d\u00e9p\u00f4t dans votre terminal faisant suite \u00e0 l\u2019expression de votre consentement.<\/span><\/p>\n<p><span style=\"color: #313135;\">Vous pouvez g\u00e9rer votre acceptation ou refus de cookies directement depuis les param\u00e8tres de votre navigateur.<\/span><\/p>\n<p><span style=\"color: #313135;\">Vous pouvez, ainsi, soit accepter tous les cookies, soit \u00eatre averti lorsqu\u2019un cookie est plac\u00e9, soit refuser tous les cookies. Si vous refusez tout ou partie les cookies, certaines fonctionnalit\u00e9s du Site pourraient \u00eatre compromises ou certaines pages inaccessibles.<\/span><\/p>\n<p><span style=\"color: #313135;\">Pour d\u00e9sactiver les cookies :<\/span><\/p>\n<p><strong><span style=\"color: #313135;\">Si vous utilisez Internet Explorer 8. et suivants :<\/span><\/strong><\/p>\n<ol>\n<li><span style=\"color: #313135;\">Allez \u00e0 \u00ab Outils \u00bb dans la barre de menu et cliquez sur \u00ab Options Internet \u00bb<\/span><\/li>\n<li><span style=\"color: #313135;\">Cliquez sur l\u2019onglet \u00ab Confidentialit\u00e9 \u00bb en haut<\/span><\/li>\n<li><span style=\"color: #313135;\">Faites glisser le curseur vers le haut jusqu\u2019au param\u00e8tre \u00ab Bloquer tous les cookies \u00bb pour bloquer tous les cookies, ou vers le bas jusqu\u2019au param\u00e8tre \u00ab Accepter tous les cookies \u00bb pour accepter tous les cookies.\u00a0<\/span><\/li>\n<\/ol>\n<p><span style=\"color: #313135;\"><a href=\"http:\/\/windows.microsoft.com\/fr-fr\/internet-explorer\/delete-manage-cookies\" style=\"color: #313135;\">Pour\u00a0 \u00a0de\u00a0 \u00a0plus\u00a0 \u00a0amples\u00a0 \u00a0informations,\u00a0 \u00a0consultez <span style=\"text-decoration: underline;\">http:\/\/windows.microsoft.com\/fr-fr\/internet-explorer\/delete- manage-cookies<\/span><\/a><\/span><\/p>\n<p><strong><span style=\"color: #313135;\">Si vous utilisez Firefox 30.0 et suivants :<\/span><\/strong><\/p>\n<ol>\n<li><span style=\"color: #313135;\">Cliquez sur le bouton \u00ab menu \u00bb et s\u00e9lectionnez \u00ab Options \u00bb<\/span><\/li>\n<li><span style=\"color: #313135;\">S\u00e9lectionnez le panneau \u00ab Vie priv\u00e9e \u00bb.<\/span><\/li>\n<li><span style=\"color: #313135;\">Dans la zone Historique, pour l&rsquo;option \u00ab R\u00e8gles de conservation \u00bb, s\u00e9lectionnez \u00ab utiliser les param\u00e8tres personnalis\u00e9s pour l&rsquo;historique \u00bb.<\/span><\/li>\n<li><span style=\"color: #313135;\">Cochez la case \u00ab Accepter les cookies \u00bb pour activer les cookies, ou d\u00e9cochez-la pour les d\u00e9sactiver.<\/span><\/li>\n<\/ol>\n<p><span style=\"color: #313135;\">Si vous avez des probl\u00e8mes avec les cookies, assurez-vous que l&rsquo;option \u00ab Accepter les cookies tiers \u00bb ne soit pas positionn\u00e9e sur Jamais.<\/span><\/p>\n<ol start=\"5\">\n<li><span style=\"color: #313135;\">Choisissez combien de temps les cookies peuvent \u00eatre conserv\u00e9s.<\/span><\/li>\n<\/ol>\n<ul>\n<li><span style=\"color: #313135;\">Les conserver jusqu&rsquo;\u00e0 : \u00ab Leur expiration \u00bb : Chaque cookie sera supprim\u00e9 \u00e0 sa date d&rsquo;expiration, date fix\u00e9e par le site \u00e9metteur du cookie.<\/span><\/li>\n<li><span style=\"color: #313135;\">Les conserver jusqu&rsquo;\u00e0 : \u00ab La fermeture de Firefox \u00bb : les cookies enregistr\u00e9s sur votre ordinateur seront supprim\u00e9s lorsque vous fermerez Firefox.<\/span><\/li>\n<li><span style=\"color: #313135;\">Les conserver jusqu&rsquo;\u00e0 : \u00ab Me demander \u00e0 chaque fois \u00bb : un avertissement s&rsquo;affiche chaque fois qu&rsquo;un site web souhaite envoyer un cookie, vous demandant si vous acceptez d&rsquo;enregistrer le cookie ou pas.<\/span><\/li>\n<\/ul>\n<ol start=\"6\">\n<li><span style=\"color: #313135;\">Cliquez sur OK pour fermer la fen\u00eatre \u00ab Options \u00bb<\/span><\/li>\n<\/ol>\n<p><span style=\"color: #313135;\">\u00a0<a href=\"https:\/\/support.mozilla.org\/fr\/products\/firefox\/privacy-and-security\/cookies\" style=\"color: #313135;\">Pour\u00a0 \u00a0de\u00a0 \u00a0plus\u00a0 \u00a0amples\u00a0 \u00a0informations,\u00a0 \u00a0consultez <span style=\"text-decoration: underline;\">https:\/\/support.mozilla.org\/fr\/products\/firefox\/privacy-and- security\/cookies<\/span><\/a><\/span><\/p>\n<p><strong><span style=\"color: #313135;\">Si vous utilisez Google Chrome :<\/span><\/strong><\/p>\n<ol>\n<li><span style=\"color: #313135;\">Allez au menu \u00ab Outils \u00bb<\/span><\/li>\n<li><span style=\"color: #313135;\">Cliquez sur \u00ab Param\u00e8tres \u00bb<\/span><\/li>\n<li><span style=\"color: #313135;\">Cliquez sur \u00ab Param\u00e8tres avanc\u00e9s \u00bb<\/span><\/li>\n<li><span style=\"color: #313135;\">Cliquez sur \u00ab Confidentialit\u00e9\/Param\u00e8tres de contenu \u00bb<\/span><\/li>\n<li><span style=\"color: #313135;\">\u00ab Cookies \u00bb doit \u00eatre s\u00e9lectionn\u00e9. S\u00e9lectionnez ensuite \u00ab Bloquer les cookies et donn\u00e9es de sites tiers \u00bb<\/span><\/li>\n<\/ol>\n<p><span style=\"color: #313135;\">Pour de plus amples informations, consultez <span style=\"text-decoration: underline;\"><a href=\"https:\/\/support.google.com\/chrome\/answer\/95647?hl=fr\" style=\"color: #313135; text-decoration: underline;\">https:\/\/support.google.com\/chrome\/answer\/95647?hl=f<\/a>r <\/span><\/span><\/p>\n<p><strong><span style=\"color: #313135;\">Si vous utilisez Safari 5.0 et suivants :<\/span><\/strong><\/p>\n<ol>\n<li><span style=\"color: #313135;\">Choisissez Safari &gt; Pr\u00e9f\u00e9rences et cliquez sur \u00ab S\u00e9curit\u00e9 \u00bb.<\/span><\/li>\n<li><span style=\"color: #313135;\">Dans la section \u00ab Accepter les cookies \u00bb, indiquez si et quand Safari doit accepter les cookies de sites Pour voir une explication des options, cliquez sur le bouton de l\u2019aide (ressemble \u00e0 un point d\u2019interrogation). Si vous avez param\u00e9tr\u00e9 Safari pour qu\u2019il bloque les cookies, vous devrez peut-\u00eatre accepter temporairement les cookies pour ouvrir une page. R\u00e9p\u00e9tez les \u00e9tapes ci- dessus, en s\u00e9lectionnant \u00ab Toujours \u00bb. Lorsque vous en avez termin\u00e9 avec la page, d\u00e9sactivez de nouveau les cookies et supprimez les cookies de la page.<\/span><\/li>\n<\/ol>\n<p><span style=\"color: #313135;\">Pour de plus amples informations, consultez <span style=\"text-decoration: underline;\"><a href=\"http:\/\/support.apple.com\/kb\/ht1677?viewlocale=fr_FR\" style=\"color: #313135; text-decoration: underline;\">http:\/\/support.apple.com\/kb\/ht1677?viewlocale=fr_FR<\/a><\/span><\/span><\/p>\n<p><span style=\"color: #313135;\">Si vous avez un type ou une version de navigateur diff\u00e9rent, vous \u00eates invit\u00e9 \u00e0 consulter le menu \u00ab Aide \u00bb de votre navigateur.<\/span><\/p>[\/et_pb_text][\/et_pb_column][\/et_pb_row][\/et_pb_section]\n","protected":false},"excerpt":{"rendered":"<p>Une question ? Un besoin ?Un cookie est un fichier d\u00e9pos\u00e9 sur votre terminal (ordinateur, tablette par ex.) par Direction RH lors de votre utilisation du site internet et en fonction de votre navigateur. Ce fichier permettra pendant sa dur\u00e9e d\u2019enregistrement d\u2019identifier votre ordinateur lors de vos prochaines visites sur le site, nous permettant de [&hellip;]<\/p>\n","protected":false},"author":1,"featured_media":0,"parent":0,"menu_order":0,"comment_status":"closed","ping_status":"closed","template":"","meta":{"_et_pb_use_builder":"on","_et_pb_old_content":"","_et_gb_content_width":"","footnotes":""},"class_list":["post-1619","page","type-page","status-publish","hentry"],"yoast_head":"<!-- This site is optimized with the Yoast SEO plugin v27.0 - https:\/\/yoast.com\/product\/yoast-seo-wordpress\/ -->\n<title>Politique des cookies - Direction RH<\/title>\n<meta name=\"description\" content=\"En savoir plus sur notre politique de cookies : comment Direction RH utilise les cookies pour am\u00e9liorer votre exp\u00e9rience.\" \/>\n<meta name=\"robots\" content=\"noindex, follow\" \/>\n<meta property=\"og:locale\" content=\"en_GB\" \/>\n<meta property=\"og:type\" content=\"article\" \/>\n<meta property=\"og:title\" content=\"Politique des cookies - Direction RH\" \/>\n<meta property=\"og:description\" content=\"En savoir plus sur notre politique de cookies : comment Direction RH utilise les cookies pour am\u00e9liorer votre exp\u00e9rience.\" \/>\n<meta property=\"og:url\" content=\"https:\/\/directionrh.fr\/en\/politique-des-cookies\/\" \/>\n<meta property=\"og:site_name\" content=\"directionRH\" \/>\n<meta property=\"article:modified_time\" content=\"2024-11-20T11:28:29+00:00\" \/>\n<meta name=\"twitter:card\" content=\"summary_large_image\" \/>\n<meta name=\"twitter:label1\" content=\"Estimated reading time\" \/>\n\t<meta name=\"twitter:data1\" content=\"5 minutes\" \/>\n<script type=\"application\/ld+json\" class=\"yoast-schema-graph\">{\"@context\":\"https:\/\/schema.org\",\"@graph\":[{\"@type\":\"WebPage\",\"@id\":\"https:\/\/directionrh.fr\/politique-des-cookies\/\",\"url\":\"https:\/\/directionrh.fr\/politique-des-cookies\/\",\"name\":\"Politique des cookies - Direction RH\",\"isPartOf\":{\"@id\":\"https:\/\/directionrh.fr\/#website\"},\"datePublished\":\"2024-11-13T10:03:27+00:00\",\"dateModified\":\"2024-11-20T11:28:29+00:00\",\"description\":\"En savoir plus sur notre politique de cookies : comment Direction RH utilise les cookies pour am\u00e9liorer votre exp\u00e9rience.\",\"breadcrumb\":{\"@id\":\"https:\/\/directionrh.fr\/politique-des-cookies\/#breadcrumb\"},\"inLanguage\":\"en-GB\",\"potentialAction\":[{\"@type\":\"ReadAction\",\"target\":[\"https:\/\/directionrh.fr\/politique-des-cookies\/\"]}]},{\"@type\":\"BreadcrumbList\",\"@id\":\"https:\/\/directionrh.fr\/politique-des-cookies\/#breadcrumb\",\"itemListElement\":[{\"@type\":\"ListItem\",\"position\":1,\"name\":\"Accueil\",\"item\":\"https:\/\/directionrh.fr\/\"},{\"@type\":\"ListItem\",\"position\":2,\"name\":\"Politique des cookies\"}]},{\"@type\":\"WebSite\",\"@id\":\"https:\/\/directionrh.fr\/#website\",\"url\":\"https:\/\/directionrh.fr\/\",\"name\":\"directionRH\",\"description\":\"Cabinet de conseil et op\u00e9rations en Ressources Humaines\",\"potentialAction\":[{\"@type\":\"SearchAction\",\"target\":{\"@type\":\"EntryPoint\",\"urlTemplate\":\"https:\/\/directionrh.fr\/?s={search_term_string}\"},\"query-input\":{\"@type\":\"PropertyValueSpecification\",\"valueRequired\":true,\"valueName\":\"search_term_string\"}}],\"inLanguage\":\"en-GB\"}]}<\/script>\n<!-- \/ Yoast SEO plugin. -->","yoast_head_json":{"title":"Politique des cookies - Direction RH","description":"En savoir plus sur notre politique de cookies : comment Direction RH utilise les cookies pour am\u00e9liorer votre exp\u00e9rience.","robots":{"index":"noindex","follow":"follow"},"og_locale":"en_GB","og_type":"article","og_title":"Politique des cookies - Direction RH","og_description":"En savoir plus sur notre politique de cookies : comment Direction RH utilise les cookies pour am\u00e9liorer votre exp\u00e9rience.","og_url":"https:\/\/directionrh.fr\/en\/politique-des-cookies\/","og_site_name":"directionRH","article_modified_time":"2024-11-20T11:28:29+00:00","twitter_card":"summary_large_image","twitter_misc":{"Estimated reading time":"5 minutes"},"schema":{"@context":"https:\/\/schema.org","@graph":[{"@type":"WebPage","@id":"https:\/\/directionrh.fr\/politique-des-cookies\/","url":"https:\/\/directionrh.fr\/politique-des-cookies\/","name":"Politique des cookies - Direction RH","isPartOf":{"@id":"https:\/\/directionrh.fr\/#website"},"datePublished":"2024-11-13T10:03:27+00:00","dateModified":"2024-11-20T11:28:29+00:00","description":"En savoir plus sur notre politique de cookies : comment Direction RH utilise les cookies pour am\u00e9liorer votre exp\u00e9rience.","breadcrumb":{"@id":"https:\/\/directionrh.fr\/politique-des-cookies\/#breadcrumb"},"inLanguage":"en-GB","potentialAction":[{"@type":"ReadAction","target":["https:\/\/directionrh.fr\/politique-des-cookies\/"]}]},{"@type":"BreadcrumbList","@id":"https:\/\/directionrh.fr\/politique-des-cookies\/#breadcrumb","itemListElement":[{"@type":"ListItem","position":1,"name":"Accueil","item":"https:\/\/directionrh.fr\/"},{"@type":"ListItem","position":2,"name":"Politique des cookies"}]},{"@type":"WebSite","@id":"https:\/\/directionrh.fr\/#website","url":"https:\/\/directionrh.fr\/","name":"directionRH","description":"Cabinet de conseil et op\u00e9rations en Ressources Humaines","potentialAction":[{"@type":"SearchAction","target":{"@type":"EntryPoint","urlTemplate":"https:\/\/directionrh.fr\/?s={search_term_string}"},"query-input":{"@type":"PropertyValueSpecification","valueRequired":true,"valueName":"search_term_string"}}],"inLanguage":"en-GB"}]}},"_links":{"self":[{"href":"https:\/\/directionrh.fr\/en\/wp-json\/wp\/v2\/pages\/1619","targetHints":{"allow":["GET"]}}],"collection":[{"href":"https:\/\/directionrh.fr\/en\/wp-json\/wp\/v2\/pages"}],"about":[{"href":"https:\/\/directionrh.fr\/en\/wp-json\/wp\/v2\/types\/page"}],"author":[{"embeddable":true,"href":"https:\/\/directionrh.fr\/en\/wp-json\/wp\/v2\/users\/1"}],"replies":[{"embeddable":true,"href":"https:\/\/directionrh.fr\/en\/wp-json\/wp\/v2\/comments?post=1619"}],"version-history":[{"count":8,"href":"https:\/\/directionrh.fr\/en\/wp-json\/wp\/v2\/pages\/1619\/revisions"}],"predecessor-version":[{"id":1814,"href":"https:\/\/directionrh.fr\/en\/wp-json\/wp\/v2\/pages\/1619\/revisions\/1814"}],"wp:attachment":[{"href":"https:\/\/directionrh.fr\/en\/wp-json\/wp\/v2\/media?parent=1619"}],"curies":[{"name":"wp","href":"https:\/\/api.w.org\/{rel}","templated":true}]}}