{"id":2608,"date":"2025-05-27T16:01:47","date_gmt":"2025-05-27T14:01:47","guid":{"rendered":"https:\/\/directionrh.fr\/?page_id=2608"},"modified":"2025-08-04T14:13:20","modified_gmt":"2025-08-04T12:13:20","slug":"gestion-competences-carrieres","status":"publish","type":"page","link":"https:\/\/directionrh.fr\/en\/gestion-competences-carrieres\/","title":{"rendered":"Adaptez les comp\u00e9tences \u00e0 vos besoins"},"content":{"rendered":"<p>[et_pb_section fb_built=\u00a0\u00bb1&Prime; custom_padding_last_edited=\u00a0\u00bbon|phone\u00a0\u00bb _builder_version=\u00a0\u00bb4.27.4&Prime; _module_preset=\u00a0\u00bbdefault\u00a0\u00bb background_color=\u00a0\u00bb#FFF3E8&Prime; custom_margin=\u00a0\u00bb||||true|false\u00a0\u00bb custom_padding=\u00a0\u00bb50px||50px||true|false\u00a0\u00bb custom_padding_tablet=\u00a0\u00bb50px||50px||true|false\u00a0\u00bb custom_padding_phone=\u00a0\u00bb20px||20px||true|false\u00a0\u00bb bottom_divider_flip=\u00a0\u00bbvertical\u00a0\u00bb da_disable_devices=\u00a0\u00bboff|off|off\u00a0\u00bb locked=\u00a0\u00bboff\u00a0\u00bb global_colors_info=\u00a0\u00bb{}\u00a0\u00bb da_is_popup=\u00a0\u00bboff\u00a0\u00bb da_exit_intent=\u00a0\u00bboff\u00a0\u00bb da_has_close=\u00a0\u00bbon\u00a0\u00bb da_alt_close=\u00a0\u00bboff\u00a0\u00bb da_dark_close=\u00a0\u00bboff\u00a0\u00bb da_not_modal=\u00a0\u00bbon\u00a0\u00bb da_is_singular=\u00a0\u00bboff\u00a0\u00bb da_with_loader=\u00a0\u00bboff\u00a0\u00bb da_has_shadow=\u00a0\u00bbon\u00a0\u00bb][et_pb_row column_structure=\u00a0\u00bb2_3,1_3&Prime; use_custom_gutter=\u00a0\u00bbon\u00a0\u00bb make_equal=\u00a0\u00bbon\u00a0\u00bb _builder_version=\u00a0\u00bb4.27.4&Prime; _module_preset=\u00a0\u00bbdefault\u00a0\u00bb width=\u00a0\u00bb100%\u00a0\u00bb global_colors_info=\u00a0\u00bb{}\u00a0\u00bb][et_pb_column type=\u00a0\u00bb2_3&Prime; _builder_version=\u00a0\u00bb4.26.1&Prime; _module_preset=\u00a0\u00bbdefault\u00a0\u00bb custom_css_main_element=\u00a0\u00bbdisplay: flex;||flex-direction: column;||justify-content: center;\u00a0\u00bb global_colors_info=\u00a0\u00bb{}\u00a0\u00bb][et_pb_heading title=\u00a0\u00bbFaites \u00e9voluer les comp\u00e9tences en fonction de vos besoins\u00a0\u00bb _builder_version=\u00a0\u00bb4.27.4&Prime; _module_preset=\u00a0\u00bbdefault\u00a0\u00bb title_text_align=\u00a0\u00bbleft\u00a0\u00bb custom_margin=\u00a0\u00bb||0px||false|false\u00a0\u00bb custom_padding=\u00a0\u00bb0px||25px||false|false\u00a0\u00bb title_text_align_tablet=\u00a0\u00bbcenter\u00a0\u00bb title_text_align_phone=\u00a0\u00bbcenter\u00a0\u00bb title_text_align_last_edited=\u00a0\u00bbon|desktop\u00a0\u00bb locked=\u00a0\u00bboff\u00a0\u00bb global_colors_info=\u00a0\u00bb{}\u00a0\u00bb][\/et_pb_heading][et_pb_text content_tablet=\u00a0\u00bb<\/p>\n<p>Externalisez la gestion de votre paie pour<br \/>b\u00e9n\u00e9ficier d\u2019une solution conforme, s\u00e9curis\u00e9e et optimis\u00e9e,<br \/>tout en r\u00e9duisant vos contraintes administratives.<\/p>\n<p>\u00a0\u00bb content_phone=\u00a0\u00bbExternalisez la gestion de votre paie pour<br \/>\nb\u00e9n\u00e9ficier d\u2019une solution conforme, s\u00e9curis\u00e9e et optimis\u00e9e,<br \/>\ntout en r\u00e9duisant vos contraintes administratives.\u00a0\u00bb content_last_edited=\u00a0\u00bbon|phone\u00a0\u00bb _builder_version=\u00a0\u00bb4.27.4&Prime; _module_preset=\u00a0\u00bbdefault\u00a0\u00bb text_font=\u00a0\u00bbPoppins|300|||||||\u00a0\u00bb text_font_size=\u00a0\u00bb22px\u00a0\u00bb text_line_height=\u00a0\u00bb1.5em\u00a0\u00bb custom_padding_tablet=\u00a0\u00bb\u00a0\u00bb custom_padding_phone=\u00a0\u00bb|25px||25px|false|true\u00a0\u00bb custom_padding_last_edited=\u00a0\u00bbon|phone\u00a0\u00bb text_font_size_tablet=\u00a0\u00bb20px\u00a0\u00bb text_font_size_phone=\u00a0\u00bb18px\u00a0\u00bb text_font_size_last_edited=\u00a0\u00bbon|phone\u00a0\u00bb text_line_height_tablet=\u00a0\u00bb1.5em\u00a0\u00bb text_line_height_phone=\u00a0\u00bb1.3em\u00a0\u00bb text_line_height_last_edited=\u00a0\u00bbon|phone\u00a0\u00bb text_orientation_tablet=\u00a0\u00bbcenter\u00a0\u00bb text_orientation_phone=\u00a0\u00bbcenter\u00a0\u00bb text_orientation_last_edited=\u00a0\u00bbon|tablet\u00a0\u00bb locked=\u00a0\u00bboff\u00a0\u00bb global_colors_info=\u00a0\u00bb{}\u00a0\u00bb]<\/p>\n<p>Les besoins en comp\u00e9tences de votre entreprise et collaborateurs sont en constante \u00e9volution. Comment assurer leur ad\u00e9quation permanente avec les missions confi\u00e9es ?<\/p>\n<p>[\/et_pb_text][et_pb_button button_url=\u00a0\u00bb@ET-DC@eyJkeW5hbWljIjp0cnVlLCJjb250ZW50IjoicG9zdF9saW5rX3VybF9wYWdlIiwic2V0dGluZ3MiOnsicG9zdF9pZCI6IjM0OSJ9fQ==@\u00a0\u00bb button_text=\u00a0\u00bbD\u00e9couvrez nos solutions !\u00a0\u00bb button_alignment_tablet=\u00a0\u00bbcenter\u00a0\u00bb button_alignment_phone=\u00a0\u00bbcenter\u00a0\u00bb button_alignment_last_edited=\u00a0\u00bbon|phone\u00a0\u00bb _builder_version=\u00a0\u00bb4.27.4&Prime; _dynamic_attributes=\u00a0\u00bbbutton_url\u00a0\u00bb _module_preset=\u00a0\u00bbdefault\u00a0\u00bb custom_button=\u00a0\u00bbon\u00a0\u00bb button_text_color=\u00a0\u00bb#313135&Prime; button_bg_color=\u00a0\u00bb#EABF18&Prime; button_border_width=\u00a0\u00bb0px\u00a0\u00bb button_border_radius=\u00a0\u00bb30px\u00a0\u00bb button_font=\u00a0\u00bbLexend|700|||||||\u00a0\u00bb button_icon=\u00a0\u00bb&#xf105;||fa||900&Prime; button_icon_color=\u00a0\u00bb#313135&Prime; button_text_size_tablet=\u00a0\u00bb18px\u00a0\u00bb button_text_size_phone=\u00a0\u00bb16px\u00a0\u00bb button_text_size_last_edited=\u00a0\u00bbon|tablet\u00a0\u00bb locked=\u00a0\u00bboff\u00a0\u00bb global_colors_info=\u00a0\u00bb{}\u00a0\u00bb transform_styles__hover_enabled=\u00a0\u00bbon|hover\u00a0\u00bb transform_scale__hover_enabled=\u00a0\u00bbon|hover\u00a0\u00bb transform_translate__hover_enabled=\u00a0\u00bbon|desktop\u00a0\u00bb transform_rotate__hover_enabled=\u00a0\u00bbon|desktop\u00a0\u00bb transform_skew__hover_enabled=\u00a0\u00bbon|desktop\u00a0\u00bb transform_origin__hover_enabled=\u00a0\u00bbon|desktop\u00a0\u00bb][\/et_pb_button][\/et_pb_column][et_pb_column type=\u00a0\u00bb1_3&Prime; _builder_version=\u00a0\u00bb4.26.1&Prime; _module_preset=\u00a0\u00bbdefault\u00a0\u00bb custom_css_main_element=\u00a0\u00bbdisplay: flex;||flex-direction: column;||justify-content: center;\u00a0\u00bb global_colors_info=\u00a0\u00bb{}\u00a0\u00bb][et_pb_image src=\u00a0\u00bbhttps:\/\/directionrh.fr\/wp-content\/uploads\/2024\/10\/banniere-paie.png\u00a0\u00bb title_text=\u00a0\u00bbbanni\u00e8re paie\u00a0\u00bb disabled_on=\u00a0\u00bbon|on|off\u00a0\u00bb _builder_version=\u00a0\u00bb4.27.4&Prime; _module_preset=\u00a0\u00bbdefault\u00a0\u00bb transform_scale=\u00a0\u00bb115%|115%\u00a0\u00bb global_colors_info=\u00a0\u00bb{}\u00a0\u00bb][\/et_pb_image][\/et_pb_column][\/et_pb_row][\/et_pb_section][et_pb_section fb_built=\u00a0\u00bb1&Prime; custom_padding_last_edited=\u00a0\u00bbon|phone\u00a0\u00bb disabled_on=\u00a0\u00bboff|off|off\u00a0\u00bb _builder_version=\u00a0\u00bb4.27.3&Prime; _module_preset=\u00a0\u00bbdefault\u00a0\u00bb custom_margin=\u00a0\u00bb||||false|false\u00a0\u00bb custom_padding=\u00a0\u00bb55px||||false|false\u00a0\u00bb custom_padding_tablet=\u00a0\u00bb||||true|false\u00a0\u00bb custom_padding_phone=\u00a0\u00bb10px||10px||true|false\u00a0\u00bb da_disable_devices=\u00a0\u00bboff|off|off\u00a0\u00bb global_colors_info=\u00a0\u00bb{}\u00a0\u00bb da_is_popup=\u00a0\u00bboff\u00a0\u00bb da_exit_intent=\u00a0\u00bboff\u00a0\u00bb da_has_close=\u00a0\u00bbon\u00a0\u00bb da_alt_close=\u00a0\u00bboff\u00a0\u00bb da_dark_close=\u00a0\u00bboff\u00a0\u00bb da_not_modal=\u00a0\u00bbon\u00a0\u00bb da_is_singular=\u00a0\u00bboff\u00a0\u00bb da_with_loader=\u00a0\u00bboff\u00a0\u00bb da_has_shadow=\u00a0\u00bbon\u00a0\u00bb][et_pb_row make_equal=\u00a0\u00bbon\u00a0\u00bb _builder_version=\u00a0\u00bb4.27.4&Prime; _module_preset=\u00a0\u00bbdefault\u00a0\u00bb custom_margin=\u00a0\u00bb||||false|false\u00a0\u00bb custom_padding=\u00a0\u00bb0px||||false|false\u00a0\u00bb global_colors_info=\u00a0\u00bb{}\u00a0\u00bb][et_pb_column type=\u00a0\u00bb4_4&Prime; _builder_version=\u00a0\u00bb4.27.0&Prime; _module_preset=\u00a0\u00bbdefault\u00a0\u00bb global_colors_info=\u00a0\u00bb{}\u00a0\u00bb][et_pb_heading title=\u00a0\u00bbFaire \u00e9voluer les comp\u00e9tences pour r\u00e9pondre aux besoins r\u00e9els de votre entreprise\u00a0\u00bb _builder_version=\u00a0\u00bb4.27.3&Prime; _module_preset=\u00a0\u00bbdefault\u00a0\u00bb title_level=\u00a0\u00bbh2&Prime; title_font_size=\u00a0\u00bb30px\u00a0\u00bb title_line_height=\u00a0\u00bb1.5em\u00a0\u00bb custom_padding=\u00a0\u00bb|||25px|false|false\u00a0\u00bb title_font_size_tablet=\u00a0\u00bb24px\u00a0\u00bb title_font_size_phone=\u00a0\u00bb22px\u00a0\u00bb title_line_height_tablet=\u00a0\u00bb1.5em\u00a0\u00bb title_line_height_phone=\u00a0\u00bb1.2em\u00a0\u00bb title_line_height_last_edited=\u00a0\u00bbon|phone\u00a0\u00bb border_width_left=\u00a0\u00bb5px\u00a0\u00bb border_color_left=\u00a0\u00bb#EABF18&Prime; locked=\u00a0\u00bboff\u00a0\u00bb global_colors_info=\u00a0\u00bb{}\u00a0\u00bb][\/et_pb_heading][et_pb_text _builder_version=\u00a0\u00bb4.27.4&Prime; _module_preset=\u00a0\u00bbdefault\u00a0\u00bb text_font=\u00a0\u00bbLexend|300|||||||\u00a0\u00bb text_text_color=\u00a0\u00bb#313135&Prime; text_font_size=\u00a0\u00bb18px\u00a0\u00bb text_line_height=\u00a0\u00bb1.5em\u00a0\u00bb text_orientation=\u00a0\u00bbjustified\u00a0\u00bb text_font_size_tablet=\u00a0\u00bb18px\u00a0\u00bb text_font_size_phone=\u00a0\u00bb16px\u00a0\u00bb text_font_size_last_edited=\u00a0\u00bbon|phone\u00a0\u00bb text_line_height_tablet=\u00a0\u00bb1.5em\u00a0\u00bb text_line_height_phone=\u00a0\u00bb1.3em\u00a0\u00bb text_line_height_last_edited=\u00a0\u00bbon|phone\u00a0\u00bb text_orientation_tablet=\u00a0\u00bbleft\u00a0\u00bb text_orientation_phone=\u00a0\u00bbleft\u00a0\u00bb text_orientation_last_edited=\u00a0\u00bbon|phone\u00a0\u00bb global_colors_info=\u00a0\u00bb{}\u00a0\u00bb]<\/p>\n<p>Gr\u00e2ce \u00e0 l\u2019utilisation d\u2019indicateurs objectifs, <span style=\"color: #313135;\"><a href=\"https:\/\/directionrh.fr\/\" style=\"color: #313135;\"><strong data-start=\"945\" data-end=\"961\">Direction RH<\/strong><\/a><\/span> dresse un panorama clair des comp\u00e9tences n\u00e9cessaires \u00e0 l\u2019entreprise et de celles qui y sont r\u00e9ellement pr\u00e9sentes. Nous identifions les besoins en formation, accompagnons la progression de vos \u00e9quipes et mesurons leurs effets sur vos performances. Nous prenons \u00e9galement en compte les exigences r\u00e9glementaires en terme de corr\u00e9lation entre emploi et qualification.<\/p>\n<p><strong>Notre accompagnement met l\u2019accent sur l\u2019am\u00e9lioration de votre capital humain, un facteur cl\u00e9 de performance, de profitabilit\u00e9 et de p\u00e9rennit\u00e9 pour votre entreprise.<\/strong><\/p>\n<p>[\/et_pb_text][et_pb_heading title=\u00a0\u00bbNos domaines d&rsquo;intervention\u00a0\u00bb _builder_version=\u00a0\u00bb4.27.3&Prime; _module_preset=\u00a0\u00bbdefault\u00a0\u00bb title_level=\u00a0\u00bbh2&Prime; title_font_size=\u00a0\u00bb30px\u00a0\u00bb title_line_height=\u00a0\u00bb1.5em\u00a0\u00bb custom_padding=\u00a0\u00bb|||25px|false|false\u00a0\u00bb title_font_size_tablet=\u00a0\u00bb24px\u00a0\u00bb title_font_size_phone=\u00a0\u00bb22px\u00a0\u00bb title_line_height_tablet=\u00a0\u00bb1.5em\u00a0\u00bb title_line_height_phone=\u00a0\u00bb1.2em\u00a0\u00bb title_line_height_last_edited=\u00a0\u00bbon|phone\u00a0\u00bb border_width_left=\u00a0\u00bb5px\u00a0\u00bb border_color_left=\u00a0\u00bb#EABF18&Prime; locked=\u00a0\u00bboff\u00a0\u00bb global_colors_info=\u00a0\u00bb{}\u00a0\u00bb][\/et_pb_heading][et_pb_text _builder_version=\u00a0\u00bb4.27.4&Prime; _module_preset=\u00a0\u00bbdefault\u00a0\u00bb text_font=\u00a0\u00bbLexend|300|||||||\u00a0\u00bb text_text_color=\u00a0\u00bb#313135&Prime; text_font_size=\u00a0\u00bb18px\u00a0\u00bb text_line_height=\u00a0\u00bb1.5em\u00a0\u00bb text_orientation=\u00a0\u00bbjustified\u00a0\u00bb text_font_size_tablet=\u00a0\u00bb18px\u00a0\u00bb text_font_size_phone=\u00a0\u00bb16px\u00a0\u00bb text_font_size_last_edited=\u00a0\u00bbon|phone\u00a0\u00bb text_line_height_tablet=\u00a0\u00bb1.5em\u00a0\u00bb text_line_height_phone=\u00a0\u00bb1.3em\u00a0\u00bb text_line_height_last_edited=\u00a0\u00bbon|phone\u00a0\u00bb text_orientation_tablet=\u00a0\u00bbleft\u00a0\u00bb text_orientation_phone=\u00a0\u00bbleft\u00a0\u00bb text_orientation_last_edited=\u00a0\u00bbon|phone\u00a0\u00bb global_colors_info=\u00a0\u00bb{}\u00a0\u00bb]<\/p>\n<div class=\"margetitrehaut\">\n<p><strong>Nous pouvons notamment vous accompagner dans les domaines suivants :<\/strong><\/p>\n<ul>\n<li data-start=\"1611\" data-end=\"1697\">\n<p data-start=\"1613\" data-end=\"1697\">R\u00e9aliser un diagnostic de la situation de l\u2019entreprise en mati\u00e8re de GPEC et de RH<\/p>\n<\/li>\n<li data-start=\"1698\" data-end=\"1744\">\n<p data-start=\"1700\" data-end=\"1744\">\u00c9laborer une strat\u00e9gie de d\u00e9veloppement RH<\/p>\n<\/li>\n<li data-start=\"1745\" data-end=\"1800\">\n<p data-start=\"1747\" data-end=\"1800\">Construire un plan de d\u00e9veloppement des comp\u00e9tences<\/p>\n<\/li>\n<li data-start=\"1801\" data-end=\"1860\">\n<p data-start=\"1803\" data-end=\"1860\">Concevoir des parcours professionnels pour les salari\u00e9s<\/p>\n<\/li>\n<li data-start=\"1861\" data-end=\"1921\">\n<p data-start=\"1863\" data-end=\"1921\">Suivre l\u2019\u00e9volution des comp\u00e9tences acquises en formation<\/p>\n<\/li>\n<li data-start=\"1922\" data-end=\"2002\">\n<p data-start=\"1924\" data-end=\"2002\">Mettre en place des dispositifs de gestion des savoir-faire et des comp\u00e9tences<\/p>\n<\/li>\n<\/ul>\n<\/div>\n<p>[\/et_pb_text][\/et_pb_column][\/et_pb_row][\/et_pb_section][et_pb_section fb_built=\u00a0\u00bb1&Prime; _builder_version=\u00a0\u00bb4.27.4&Prime; _module_preset=\u00a0\u00bbdefault\u00a0\u00bb use_background_color_gradient=\u00a0\u00bbon\u00a0\u00bb background_color_gradient_stops=\u00a0\u00bbrgba(255,255,255,0.34) 0%|rgba(255,255,255,0.34) 99%\u00a0\u00bb background_color_gradient_overlays_image=\u00a0\u00bbon\u00a0\u00bb background_image=\u00a0\u00bbhttps:\/\/directionrh.fr\/wp-content\/uploads\/2024\/10\/male-hand-holding-phone-scaled.jpg\u00a0\u00bb background_position=\u00a0\u00bbtop_center\u00a0\u00bb custom_css_main_element=\u00a0\u00bbbackground-repeat: no-repeat;||background-attachment: fixed;||background-position: top center;||background-size: cover;\u00a0\u00bb da_disable_devices=\u00a0\u00bboff|off|off\u00a0\u00bb locked=\u00a0\u00bboff\u00a0\u00bb global_colors_info=\u00a0\u00bb{}\u00a0\u00bb da_is_popup=\u00a0\u00bboff\u00a0\u00bb da_exit_intent=\u00a0\u00bboff\u00a0\u00bb da_has_close=\u00a0\u00bbon\u00a0\u00bb da_alt_close=\u00a0\u00bboff\u00a0\u00bb da_dark_close=\u00a0\u00bboff\u00a0\u00bb da_not_modal=\u00a0\u00bbon\u00a0\u00bb da_is_singular=\u00a0\u00bboff\u00a0\u00bb da_with_loader=\u00a0\u00bboff\u00a0\u00bb da_has_shadow=\u00a0\u00bbon\u00a0\u00bb][et_pb_row _builder_version=\u00a0\u00bb4.26.1&Prime; _module_preset=\u00a0\u00bbdefault\u00a0\u00bb global_colors_info=\u00a0\u00bb{}\u00a0\u00bb][et_pb_column type=\u00a0\u00bb4_4&Prime; _builder_version=\u00a0\u00bb4.26.1&Prime; _module_preset=\u00a0\u00bbdefault\u00a0\u00bb global_colors_info=\u00a0\u00bb{}\u00a0\u00bb][et_pb_text _builder_version=\u00a0\u00bb4.27.2&Prime; _module_preset=\u00a0\u00bbdefault\u00a0\u00bb text_font=\u00a0\u00bbPoppins|700|||||||\u00a0\u00bb text_text_color=\u00a0\u00bb#313135&Prime; text_font_size=\u00a0\u00bb30px\u00a0\u00bb text_orientation=\u00a0\u00bbcenter\u00a0\u00bb text_font_size_tablet=\u00a0\u00bb24px\u00a0\u00bb text_font_size_phone=\u00a0\u00bb22px\u00a0\u00bb text_font_size_last_edited=\u00a0\u00bbon|phone\u00a0\u00bb global_colors_info=\u00a0\u00bb{}\u00a0\u00bb]<\/p>\n<p>Une question ? Un besoin ?<\/p>\n<p>[\/et_pb_text][et_pb_button button_text=\u00a0\u00bbContactez nous !\u00a0\u00bb button_alignment=\u00a0\u00bbcenter\u00a0\u00bb _builder_version=\u00a0\u00bb4.27.2&Prime; _module_preset=\u00a0\u00bbdefault\u00a0\u00bb custom_button=\u00a0\u00bbon\u00a0\u00bb button_text_size=\u00a0\u00bb18px\u00a0\u00bb button_text_color=\u00a0\u00bb#313135&Prime; button_bg_color=\u00a0\u00bb#EABF18&Prime; button_border_width=\u00a0\u00bb0px\u00a0\u00bb button_border_radius=\u00a0\u00bb30px\u00a0\u00bb button_font=\u00a0\u00bbLexend|700|||||||\u00a0\u00bb button_icon=\u00a0\u00bb&#xf105;||fa||900&Prime; button_text_size_tablet=\u00a0\u00bb18px\u00a0\u00bb button_text_size_phone=\u00a0\u00bb16px\u00a0\u00bb button_text_size_last_edited=\u00a0\u00bbon|phone\u00a0\u00bb locked=\u00a0\u00bboff\u00a0\u00bb global_colors_info=\u00a0\u00bb{}\u00a0\u00bb][\/et_pb_button][\/et_pb_column][\/et_pb_row][\/et_pb_section]<\/p>\n","protected":false},"excerpt":{"rendered":"<p>Les besoins en comp\u00e9tences de votre entreprise et collaborateurs sont en constante \u00e9volution. Comment assurer leur ad\u00e9quation permanente avec les missions confi\u00e9es ?Gr\u00e2ce \u00e0 l\u2019utilisation d\u2019indicateurs objectifs, Direction RH dresse un panorama clair des comp\u00e9tences n\u00e9cessaires \u00e0 l\u2019entreprise et de celles qui y sont r\u00e9ellement pr\u00e9sentes. Nous identifions les besoins en formation, accompagnons la progression [&hellip;]<\/p>\n","protected":false},"author":3,"featured_media":0,"parent":0,"menu_order":0,"comment_status":"closed","ping_status":"closed","template":"","meta":{"_et_pb_use_builder":"on","_et_pb_old_content":"","_et_gb_content_width":"","footnotes":""},"class_list":["post-2608","page","type-page","status-publish","hentry"],"yoast_head":"<!-- This site is optimized with the Yoast SEO plugin v27.0 - https:\/\/yoast.com\/product\/yoast-seo-wordpress\/ -->\n<title>Gestion pr\u00e9visionnelle des carri\u00e8res et des comp\u00e9tences | Direction RH<\/title>\n<meta name=\"description\" content=\"Gr\u00e2ce \u00e0 l&#039;utilisation d&#039;indicateurs objectifs, Direction RH dresse un panorama clair des comp\u00e9tences n\u00e9cessaires \u00e0 l&#039;entreprise et de celles qui y sont pr\u00e9sentes.\" \/>\n<meta name=\"robots\" content=\"index, follow, max-snippet:-1, max-image-preview:large, max-video-preview:-1\" \/>\n<link rel=\"canonical\" href=\"https:\/\/directionrh.fr\/en\/gestion-competences-carrieres\/\" \/>\n<meta property=\"og:locale\" content=\"en_GB\" \/>\n<meta property=\"og:type\" content=\"article\" \/>\n<meta property=\"og:title\" content=\"Gestion pr\u00e9visionnelle des carri\u00e8res et des comp\u00e9tences | Direction RH\" \/>\n<meta property=\"og:description\" content=\"Gr\u00e2ce \u00e0 l&#039;utilisation d&#039;indicateurs objectifs, Direction RH dresse un panorama clair des comp\u00e9tences n\u00e9cessaires \u00e0 l&#039;entreprise et de celles qui y sont pr\u00e9sentes.\" \/>\n<meta property=\"og:url\" content=\"https:\/\/directionrh.fr\/en\/gestion-competences-carrieres\/\" \/>\n<meta property=\"og:site_name\" content=\"directionRH\" \/>\n<meta property=\"article:modified_time\" content=\"2025-08-04T12:13:20+00:00\" \/>\n<meta name=\"twitter:card\" content=\"summary_large_image\" \/>\n<meta name=\"twitter:label1\" content=\"Estimated reading time\" \/>\n\t<meta name=\"twitter:data1\" content=\"4 minutes\" \/>\n<script type=\"application\/ld+json\" class=\"yoast-schema-graph\">{\"@context\":\"https:\/\/schema.org\",\"@graph\":[{\"@type\":\"WebPage\",\"@id\":\"https:\/\/directionrh.fr\/gestion-competences-carrieres\/\",\"url\":\"https:\/\/directionrh.fr\/gestion-competences-carrieres\/\",\"name\":\"Gestion pr\u00e9visionnelle des carri\u00e8res et des comp\u00e9tences | Direction RH\",\"isPartOf\":{\"@id\":\"https:\/\/directionrh.fr\/#website\"},\"datePublished\":\"2025-05-27T14:01:47+00:00\",\"dateModified\":\"2025-08-04T12:13:20+00:00\",\"description\":\"Gr\u00e2ce \u00e0 l'utilisation d'indicateurs objectifs, Direction RH dresse un panorama clair des comp\u00e9tences n\u00e9cessaires \u00e0 l'entreprise et de celles qui y sont pr\u00e9sentes.\",\"breadcrumb\":{\"@id\":\"https:\/\/directionrh.fr\/gestion-competences-carrieres\/#breadcrumb\"},\"inLanguage\":\"en-GB\",\"potentialAction\":[{\"@type\":\"ReadAction\",\"target\":[\"https:\/\/directionrh.fr\/gestion-competences-carrieres\/\"]}]},{\"@type\":\"BreadcrumbList\",\"@id\":\"https:\/\/directionrh.fr\/gestion-competences-carrieres\/#breadcrumb\",\"itemListElement\":[{\"@type\":\"ListItem\",\"position\":1,\"name\":\"Accueil\",\"item\":\"https:\/\/directionrh.fr\/\"},{\"@type\":\"ListItem\",\"position\":2,\"name\":\"Adaptez les comp\u00e9tences \u00e0 vos besoins\"}]},{\"@type\":\"WebSite\",\"@id\":\"https:\/\/directionrh.fr\/#website\",\"url\":\"https:\/\/directionrh.fr\/\",\"name\":\"directionRH\",\"description\":\"Cabinet de conseil et op\u00e9rations en Ressources Humaines\",\"potentialAction\":[{\"@type\":\"SearchAction\",\"target\":{\"@type\":\"EntryPoint\",\"urlTemplate\":\"https:\/\/directionrh.fr\/?s={search_term_string}\"},\"query-input\":{\"@type\":\"PropertyValueSpecification\",\"valueRequired\":true,\"valueName\":\"search_term_string\"}}],\"inLanguage\":\"en-GB\"}]}<\/script>\n<!-- \/ Yoast SEO plugin. -->","yoast_head_json":{"title":"Gestion pr\u00e9visionnelle des carri\u00e8res et des comp\u00e9tences | Direction RH","description":"Gr\u00e2ce \u00e0 l'utilisation d'indicateurs objectifs, Direction RH dresse un panorama clair des comp\u00e9tences n\u00e9cessaires \u00e0 l'entreprise et de celles qui y sont pr\u00e9sentes.","robots":{"index":"index","follow":"follow","max-snippet":"max-snippet:-1","max-image-preview":"max-image-preview:large","max-video-preview":"max-video-preview:-1"},"canonical":"https:\/\/directionrh.fr\/en\/gestion-competences-carrieres\/","og_locale":"en_GB","og_type":"article","og_title":"Gestion pr\u00e9visionnelle des carri\u00e8res et des comp\u00e9tences | Direction RH","og_description":"Gr\u00e2ce \u00e0 l'utilisation d'indicateurs objectifs, Direction RH dresse un panorama clair des comp\u00e9tences n\u00e9cessaires \u00e0 l'entreprise et de celles qui y sont pr\u00e9sentes.","og_url":"https:\/\/directionrh.fr\/en\/gestion-competences-carrieres\/","og_site_name":"directionRH","article_modified_time":"2025-08-04T12:13:20+00:00","twitter_card":"summary_large_image","twitter_misc":{"Estimated reading time":"4 minutes"},"schema":{"@context":"https:\/\/schema.org","@graph":[{"@type":"WebPage","@id":"https:\/\/directionrh.fr\/gestion-competences-carrieres\/","url":"https:\/\/directionrh.fr\/gestion-competences-carrieres\/","name":"Gestion pr\u00e9visionnelle des carri\u00e8res et des comp\u00e9tences | Direction RH","isPartOf":{"@id":"https:\/\/directionrh.fr\/#website"},"datePublished":"2025-05-27T14:01:47+00:00","dateModified":"2025-08-04T12:13:20+00:00","description":"Gr\u00e2ce \u00e0 l'utilisation d'indicateurs objectifs, Direction RH dresse un panorama clair des comp\u00e9tences n\u00e9cessaires \u00e0 l'entreprise et de celles qui y sont pr\u00e9sentes.","breadcrumb":{"@id":"https:\/\/directionrh.fr\/gestion-competences-carrieres\/#breadcrumb"},"inLanguage":"en-GB","potentialAction":[{"@type":"ReadAction","target":["https:\/\/directionrh.fr\/gestion-competences-carrieres\/"]}]},{"@type":"BreadcrumbList","@id":"https:\/\/directionrh.fr\/gestion-competences-carrieres\/#breadcrumb","itemListElement":[{"@type":"ListItem","position":1,"name":"Accueil","item":"https:\/\/directionrh.fr\/"},{"@type":"ListItem","position":2,"name":"Adaptez les comp\u00e9tences \u00e0 vos besoins"}]},{"@type":"WebSite","@id":"https:\/\/directionrh.fr\/#website","url":"https:\/\/directionrh.fr\/","name":"directionRH","description":"Cabinet de conseil et op\u00e9rations en Ressources Humaines","potentialAction":[{"@type":"SearchAction","target":{"@type":"EntryPoint","urlTemplate":"https:\/\/directionrh.fr\/?s={search_term_string}"},"query-input":{"@type":"PropertyValueSpecification","valueRequired":true,"valueName":"search_term_string"}}],"inLanguage":"en-GB"}]}},"_links":{"self":[{"href":"https:\/\/directionrh.fr\/en\/wp-json\/wp\/v2\/pages\/2608","targetHints":{"allow":["GET"]}}],"collection":[{"href":"https:\/\/directionrh.fr\/en\/wp-json\/wp\/v2\/pages"}],"about":[{"href":"https:\/\/directionrh.fr\/en\/wp-json\/wp\/v2\/types\/page"}],"author":[{"embeddable":true,"href":"https:\/\/directionrh.fr\/en\/wp-json\/wp\/v2\/users\/3"}],"replies":[{"embeddable":true,"href":"https:\/\/directionrh.fr\/en\/wp-json\/wp\/v2\/comments?post=2608"}],"version-history":[{"count":7,"href":"https:\/\/directionrh.fr\/en\/wp-json\/wp\/v2\/pages\/2608\/revisions"}],"predecessor-version":[{"id":2783,"href":"https:\/\/directionrh.fr\/en\/wp-json\/wp\/v2\/pages\/2608\/revisions\/2783"}],"wp:attachment":[{"href":"https:\/\/directionrh.fr\/en\/wp-json\/wp\/v2\/media?parent=2608"}],"curies":[{"name":"wp","href":"https:\/\/api.w.org\/{rel}","templated":true}]}}