{"id":2662,"date":"2025-06-09T15:15:56","date_gmt":"2025-06-09T13:15:56","guid":{"rendered":"https:\/\/directionrh.fr\/?page_id=2662"},"modified":"2025-06-09T17:32:38","modified_gmt":"2025-06-09T15:32:38","slug":"plan-du-site","status":"publish","type":"page","link":"https:\/\/directionrh.fr\/en\/plan-du-site\/","title":{"rendered":"Site map"},"content":{"rendered":"<p><strong><div class=\"wsp-container\"><h2 class=\"wsp-pages-title\">Pages<\/h2>\n<ul class=\"wsp-pages-list\">\n<li class=\"page_item page-item-1092\"><a href=\"https:\/\/directionrh.fr\/en\/accompagnement-pluridisciplinaire\/\">Multidisciplinary support<\/a><\/li>\n<li class=\"page_item page-item-540\"><a href=\"https:\/\/directionrh.fr\/en\/accompagnement-rh\/\">HR Support<\/a><\/li>\n<li class=\"page_item page-item-2608\"><a href=\"https:\/\/directionrh.fr\/en\/gestion-competences-carrieres\/\">Adaptez les comp\u00e9tences \u00e0 vos besoins<\/a><\/li>\n<li class=\"page_item page-item-538\"><a href=\"https:\/\/directionrh.fr\/en\/administration-du-personnel\/\">Employee administration<\/a><\/li>\n<li class=\"page_item page-item-2693\"><a href=\"https:\/\/directionrh.fr\/en\/gestion-entretiens\/\">Improve your relationship with employees through interview management<\/a><\/li>\n<li class=\"page_item page-item-385\"><a href=\"https:\/\/directionrh.fr\/en\/associations\/\">Associations<\/a><\/li>\n<li class=\"page_item page-item-2615\"><a href=\"https:\/\/directionrh.fr\/en\/coaching\/\">Boost your team with coaching<\/a><\/li>\n<li class=\"page_item page-item-382\"><a href=\"https:\/\/directionrh.fr\/en\/cabinet-conseil\/\">Consulting firm<\/a><\/li>\n<li class=\"page_item page-item-2620\"><a href=\"https:\/\/directionrh.fr\/en\/appui-recrutement-developpement-attractivite\/\">Comment et conserver les comp\u00e9tences<\/a><\/li>\n<li class=\"page_item page-item-536\"><a href=\"https:\/\/directionrh.fr\/en\/conseil-rh\/\">HR Consulting<\/a><\/li>\n<li class=\"page_item page-item-389\"><a href=\"https:\/\/directionrh.fr\/en\/entreprises-et-groupes-internationaux\/\">International corporations and groups<\/a><\/li>\n<li class=\"page_item page-item-542\"><a href=\"https:\/\/directionrh.fr\/en\/formation\/\">Training<\/a><\/li>\n<li class=\"page_item page-item-1631\"><a href=\"https:\/\/directionrh.fr\/en\/mentions-legales\/\">Legal notice<\/a><\/li>\n<li class=\"page_item page-item-2510\"><a href=\"https:\/\/directionrh.fr\/en\/mon-espace\/\">My Account<\/a><\/li>\n<li class=\"page_item page-item-2700\"><a href=\"https:\/\/directionrh.fr\/en\/gestion-crise-associations\/\">Don't face the crisis in your organization alone<\/a><\/li>\n<li class=\"page_item page-item-2315\"><a href=\"https:\/\/directionrh.fr\/en\/nos-solutions-rh\/\">Our solutions<\/a><\/li>\n<li class=\"page_item page-item-2332\"><a href=\"https:\/\/directionrh.fr\/en\/notre-expertise-rh\/\">Our expertise<\/a><\/li>\n<li class=\"page_item page-item-23\"><a href=\"https:\/\/directionrh.fr\/en\/notre-philosophie\/\">Our philosophy<\/a><\/li>\n<li class=\"page_item page-item-33\"><a href=\"https:\/\/directionrh.fr\/en\/nous-contacter\/\">Contact us<\/a><\/li>\n<li class=\"page_item page-item-534\"><a href=\"https:\/\/directionrh.fr\/en\/paie\/\">Payroll<\/a><\/li>\n<li class=\"page_item page-item-1613\"><a href=\"https:\/\/directionrh.fr\/en\/politique-de-protection-des-donnees-personnelles\/\">Personal data protection policy<\/a><\/li>\n<li class=\"page_item page-item-1619\"><a href=\"https:\/\/directionrh.fr\/en\/politique-des-cookies\/\">Cookie policy<\/a><\/li>\n<li class=\"page_item page-item-546\"><a href=\"https:\/\/directionrh.fr\/en\/prestations-rh\/\">HR services funded by OPCO<\/a><\/li>\n<li class=\"page_item page-item-2709\"><a href=\"https:\/\/directionrh.fr\/en\/professionnalisation-rh-entreprise-organisation-travail\/\">Professionnalisation de la fonction RH dans l&rsquo;entreprise et organisation du travail<\/a><\/li>\n<li class=\"page_item page-item-378\"><a href=\"https:\/\/directionrh.fr\/en\/service-rh\/\">HR department<\/a><\/li>\n<li class=\"page_item page-item-2602\"><a href=\"https:\/\/directionrh.fr\/en\/conseil-social\/\">Be clear about your obligations<\/a><\/li>\n<li class=\"page_item page-item-349\"><a href=\"https:\/\/directionrh.fr\/en\/tpe-pme\/\">TPE &#8211; PME<\/a><\/li>\n<\/ul>\n<\/div><\/strong><\/p>\n\n\n\n<ul class=\"wp-block-list\">\n<li><a href=\"\/en\/actualites\/\"><strong>News<\/strong><\/a><\/li>\n<\/ul>\n\n\n\n<p><strong><div class=\"wsp-container\"><h2 class=\"wsp-posts-title\">Posts by category<\/h2>\n<ul class=\"wsp-posts-list\">\n\t<li><strong class=\"wsp-category-title\">Category: <a href=\"https:\/\/directionrh.fr\/en\/category\/actualite\/\">Actualit\u00e9<\/a><\/strong>\n<ul class=\"wsp-posts-list\">\t\t<li class=\"wsp-post\"><a href=\"https:\/\/directionrh.fr\/en\/2026\/01\/09\/actualite-rh-decembre-2025\/\">D\u00e9couvrez l&rsquo;actualit\u00e9 sociale de D\u00e9cembre 2025<\/a><\/li>\n\t\t<li class=\"wsp-post\"><a href=\"https:\/\/directionrh.fr\/en\/2025\/10\/22\/sous-traitance-comment-eviter-la-responsabilite-solidaire-et-securiser-vos-contrats\/\">Subcontracting: how to avoid joint liability and secure your contracts<\/a><\/li>\n\t\t<li class=\"wsp-post\"><a href=\"https:\/\/directionrh.fr\/en\/2025\/07\/08\/fortes-chaleurs-nouvelles-obligations-employeur-juillet-2025\/\">Heat waves: strengthening of employer obligations<\/a><\/li>\n\t\t<li class=\"wsp-post\"><a href=\"https:\/\/directionrh.fr\/en\/2025\/07\/03\/actualite-sociale-2025\/\">Discover the social news of June 2025<\/a><\/li>\n\t\t<li class=\"wsp-post\"><a href=\"https:\/\/directionrh.fr\/en\/2024\/02\/28\/construire-une-image-differenciante-pour-attirer-et-fideliser-les-talents\/\">Building a distinctive image to attract and retain talent<\/a><\/li>\n\t\t<li class=\"wsp-post\"><a href=\"https:\/\/directionrh.fr\/en\/2023\/11\/09\/nouvelle-convention-collective-nationale-de-la-metallurgie\/\">New National Collective Agreement for the Metallurgy Industry: What Changes on January 1, 2024<\/a><\/li>\n<\/ul><\/li>\n<\/ul>\n<\/div><\/strong><\/p>","protected":false},"excerpt":{"rendered":"","protected":false},"author":3,"featured_media":0,"parent":0,"menu_order":0,"comment_status":"closed","ping_status":"closed","template":"","meta":{"_et_pb_use_builder":"off","_et_pb_old_content":"<!-- wp:list -->\n<ul class=\"wp-block-list\"><!-- wp:list-item -->\n<li><a href=\"\/\"><strong>Accueil<\/strong><\/a><\/li>\n<!-- \/wp:list-item --><\/ul>\n<!-- \/wp:list -->\n\n<!-- wp:paragraph -->\n<p><strong>[wp_sitemap_page only=\"page\"]<\/strong><\/p>\n<!-- \/wp:paragraph -->\n\n<!-- wp:list -->\n<ul class=\"wp-block-list\"><!-- wp:list-item -->\n<li><a href=\"\/actualites\/\"><strong>Actualit\u00e9s<\/strong><\/a><\/li>\n<!-- \/wp:list-item --><\/ul>\n<!-- \/wp:list -->\n\n<!-- wp:paragraph -->\n<p><strong>[wp_sitemap_page only=\"post\"]<\/strong><\/p>\n<!-- \/wp:paragraph -->","_et_gb_content_width":"1200","footnotes":""},"class_list":["post-2662","page","type-page","status-publish","hentry"],"yoast_head":"<!-- This site is optimized with the Yoast SEO plugin v27.0 - https:\/\/yoast.com\/product\/yoast-seo-wordpress\/ -->\n<title>Plan du site - directionRH<\/title>\n<meta name=\"robots\" content=\"index, follow, max-snippet:-1, max-image-preview:large, max-video-preview:-1\" \/>\n<link rel=\"canonical\" href=\"https:\/\/directionrh.fr\/en\/plan-du-site\/\" \/>\n<meta property=\"og:locale\" content=\"en_GB\" \/>\n<meta property=\"og:type\" content=\"article\" \/>\n<meta property=\"og:title\" content=\"Plan du site - directionRH\" \/>\n<meta property=\"og:url\" content=\"https:\/\/directionrh.fr\/en\/plan-du-site\/\" \/>\n<meta property=\"og:site_name\" content=\"directionRH\" \/>\n<meta property=\"article:modified_time\" content=\"2025-06-09T15:32:38+00:00\" \/>\n<meta name=\"twitter:card\" content=\"summary_large_image\" \/>\n<meta name=\"twitter:label1\" content=\"Estimated reading time\" \/>\n\t<meta name=\"twitter:data1\" content=\"1 minute\" \/>\n<script type=\"application\/ld+json\" class=\"yoast-schema-graph\">{\"@context\":\"https:\/\/schema.org\",\"@graph\":[{\"@type\":\"WebPage\",\"@id\":\"https:\/\/directionrh.fr\/plan-du-site\/\",\"url\":\"https:\/\/directionrh.fr\/plan-du-site\/\",\"name\":\"Plan du site - directionRH\",\"isPartOf\":{\"@id\":\"https:\/\/directionrh.fr\/#website\"},\"datePublished\":\"2025-06-09T13:15:56+00:00\",\"dateModified\":\"2025-06-09T15:32:38+00:00\",\"breadcrumb\":{\"@id\":\"https:\/\/directionrh.fr\/plan-du-site\/#breadcrumb\"},\"inLanguage\":\"en-GB\",\"potentialAction\":[{\"@type\":\"ReadAction\",\"target\":[\"https:\/\/directionrh.fr\/plan-du-site\/\"]}]},{\"@type\":\"BreadcrumbList\",\"@id\":\"https:\/\/directionrh.fr\/plan-du-site\/#breadcrumb\",\"itemListElement\":[{\"@type\":\"ListItem\",\"position\":1,\"name\":\"Accueil\",\"item\":\"https:\/\/directionrh.fr\/\"},{\"@type\":\"ListItem\",\"position\":2,\"name\":\"Plan du site\"}]},{\"@type\":\"WebSite\",\"@id\":\"https:\/\/directionrh.fr\/#website\",\"url\":\"https:\/\/directionrh.fr\/\",\"name\":\"directionRH\",\"description\":\"Cabinet de conseil et op\u00e9rations en Ressources Humaines\",\"potentialAction\":[{\"@type\":\"SearchAction\",\"target\":{\"@type\":\"EntryPoint\",\"urlTemplate\":\"https:\/\/directionrh.fr\/?s={search_term_string}\"},\"query-input\":{\"@type\":\"PropertyValueSpecification\",\"valueRequired\":true,\"valueName\":\"search_term_string\"}}],\"inLanguage\":\"en-GB\"}]}<\/script>\n<!-- \/ Yoast SEO plugin. -->","yoast_head_json":{"title":"Plan du site - directionRH","robots":{"index":"index","follow":"follow","max-snippet":"max-snippet:-1","max-image-preview":"max-image-preview:large","max-video-preview":"max-video-preview:-1"},"canonical":"https:\/\/directionrh.fr\/en\/plan-du-site\/","og_locale":"en_GB","og_type":"article","og_title":"Plan du site - directionRH","og_url":"https:\/\/directionrh.fr\/en\/plan-du-site\/","og_site_name":"directionRH","article_modified_time":"2025-06-09T15:32:38+00:00","twitter_card":"summary_large_image","twitter_misc":{"Estimated reading time":"1 minute"},"schema":{"@context":"https:\/\/schema.org","@graph":[{"@type":"WebPage","@id":"https:\/\/directionrh.fr\/plan-du-site\/","url":"https:\/\/directionrh.fr\/plan-du-site\/","name":"Plan du site - directionRH","isPartOf":{"@id":"https:\/\/directionrh.fr\/#website"},"datePublished":"2025-06-09T13:15:56+00:00","dateModified":"2025-06-09T15:32:38+00:00","breadcrumb":{"@id":"https:\/\/directionrh.fr\/plan-du-site\/#breadcrumb"},"inLanguage":"en-GB","potentialAction":[{"@type":"ReadAction","target":["https:\/\/directionrh.fr\/plan-du-site\/"]}]},{"@type":"BreadcrumbList","@id":"https:\/\/directionrh.fr\/plan-du-site\/#breadcrumb","itemListElement":[{"@type":"ListItem","position":1,"name":"Accueil","item":"https:\/\/directionrh.fr\/"},{"@type":"ListItem","position":2,"name":"Plan du site"}]},{"@type":"WebSite","@id":"https:\/\/directionrh.fr\/#website","url":"https:\/\/directionrh.fr\/","name":"directionRH","description":"Cabinet de conseil et op\u00e9rations en Ressources Humaines","potentialAction":[{"@type":"SearchAction","target":{"@type":"EntryPoint","urlTemplate":"https:\/\/directionrh.fr\/?s={search_term_string}"},"query-input":{"@type":"PropertyValueSpecification","valueRequired":true,"valueName":"search_term_string"}}],"inLanguage":"en-GB"}]}},"_links":{"self":[{"href":"https:\/\/directionrh.fr\/en\/wp-json\/wp\/v2\/pages\/2662","targetHints":{"allow":["GET"]}}],"collection":[{"href":"https:\/\/directionrh.fr\/en\/wp-json\/wp\/v2\/pages"}],"about":[{"href":"https:\/\/directionrh.fr\/en\/wp-json\/wp\/v2\/types\/page"}],"author":[{"embeddable":true,"href":"https:\/\/directionrh.fr\/en\/wp-json\/wp\/v2\/users\/3"}],"replies":[{"embeddable":true,"href":"https:\/\/directionrh.fr\/en\/wp-json\/wp\/v2\/comments?post=2662"}],"version-history":[{"count":20,"href":"https:\/\/directionrh.fr\/en\/wp-json\/wp\/v2\/pages\/2662\/revisions"}],"predecessor-version":[{"id":2692,"href":"https:\/\/directionrh.fr\/en\/wp-json\/wp\/v2\/pages\/2662\/revisions\/2692"}],"wp:attachment":[{"href":"https:\/\/directionrh.fr\/en\/wp-json\/wp\/v2\/media?parent=2662"}],"curies":[{"name":"wp","href":"https:\/\/api.w.org\/{rel}","templated":true}]}}